{"id":646,"date":"2025-11-27T16:37:23","date_gmt":"2025-11-27T19:37:23","guid":{"rendered":"https:\/\/www.icex.ufmg.br\/cenex\/?page_id=646"},"modified":"2026-03-31T15:02:24","modified_gmt":"2026-03-31T18:02:24","slug":"matrizes-de-avaliacao","status":"publish","type":"page","link":"https:\/\/www.icex.ufmg.br\/cenex\/matrizes-de-avaliacao\/","title":{"rendered":"Nova Matriz de Avalia\u00e7\u00e3o"},"content":{"rendered":"\n<p>A matriz organiza o processo de avalia\u00e7\u00e3o em quatro partes \u2014 identifica\u00e7\u00e3o, estrutura da atividade, an\u00e1lise de m\u00e9rito e parecer \u2014 e est\u00e1 alinhada \u00e0s diretrizes da extens\u00e3o. Al\u00e9m de qualificar o julgamento das a\u00e7\u00f5es, a matriz contribui para a forma\u00e7\u00e3o em extens\u00e3o nos cursos de gradua\u00e7\u00e3o, permitindo o registro adequado das atividades no SIEX e a constru\u00e7\u00e3o de indicadores institucionais, promovendo maior articula\u00e7\u00e3o entre ensino, pesquisa e extens\u00e3o. <\/p>\n\n\n\n<p><\/p>\n\n\n\n<p><a href=\"https:\/\/www.ufmg.br\/proex\/wp-content\/uploads\/2025\/06\/03_MATRIZ-DE-REFERENCIA-CENEX_CURSO.pdf\">Matriz de Avalia\u00e7\u00e3o de Curso<\/a><\/p>\n\n\n\n<p><a href=\"https:\/\/www.ufmg.br\/proex\/wp-content\/uploads\/2025\/06\/02_MATRIZ-DE-REFERENCIA-CENEX_EVENTO.pdf\">Matriz de Avalia\u00e7\u00e3o de Evento<\/a><\/p>\n\n\n\n<p><a href=\"https:\/\/www.ufmg.br\/proex\/wp-content\/uploads\/2025\/06\/04_MATRIZ-DE-REFERENCIA-CENEX_PRESTACAO-DE-SERVICOS.pdf\">Matriz de Avalia\u00e7\u00e3o de Presta\u00e7\u00e3o de Servi\u00e7os<\/a><\/p>\n\n\n\n<p><a href=\"https:\/\/www.ufmg.br\/proex\/wp-content\/uploads\/2025\/06\/01_MATRIZ-DE-REFERENCIA-CENEX_PROGRAMA-e-PROJETO.pdf\">Matriz de Avalia\u00e7\u00e3o de Programa ou Projeto<\/a><a href=\"https:\/\/www.ufmg.br\/proex\/wp-content\/uploads\/2025\/06\/01_MATRIZ-DE-REFERENCIA-CENEX_PROGRAMA-e-PROJETO.pdf\" data-type=\"link\" data-id=\"https:\/\/www.ufmg.br\/proex\/wp-content\/uploads\/2025\/06\/01_MATRIZ-DE-REFERENCIA-CENEX_PROGRAMA-e-PROJETO.pdf\"><br><\/a><\/p>\n\n\n\n<p><\/p>\n","protected":false},"excerpt":{"rendered":"<p>A matriz organiza o processo de avalia\u00e7\u00e3o em quatro partes \u2014 identifica\u00e7\u00e3o, estrutura da atividade, an\u00e1lise de m\u00e9rito e parecer [&hellip;]<\/p>\n","protected":false},"author":4,"featured_media":0,"parent":0,"menu_order":0,"comment_status":"closed","ping_status":"closed","template":"","meta":{"site-sidebar-layout":"default","site-content-layout":"","ast-site-content-layout":"default","site-content-style":"default","site-sidebar-style":"default","ast-global-header-display":"","ast-banner-title-visibility":"","ast-main-header-display":"","ast-hfb-above-header-display":"","ast-hfb-below-header-display":"","ast-hfb-mobile-header-display":"","site-post-title":"","ast-breadcrumbs-content":"","ast-featured-img":"","footer-sml-layout":"","ast-disable-related-posts":"","theme-transparent-header-meta":"","adv-header-id-meta":"","stick-header-meta":"","header-above-stick-meta":"","header-main-stick-meta":"","header-below-stick-meta":"","astra-migrate-meta-layouts":"default","ast-page-background-enabled":"default","ast-page-background-meta":{"desktop":{"background-color":"var(--ast-global-color-4)","background-image":"","background-repeat":"repeat","background-position":"center center","background-size":"auto","background-attachment":"scroll","background-type":"","background-media":"","overlay-type":"","overlay-color":"","overlay-opacity":"","overlay-gradient":""},"tablet":{"background-color":"","background-image":"","background-repeat":"repeat","background-position":"center center","background-size":"auto","background-attachment":"scroll","background-type":"","background-media":"","overlay-type":"","overlay-color":"","overlay-opacity":"","overlay-gradient":""},"mobile":{"background-color":"","background-image":"","background-repeat":"repeat","background-position":"center center","background-size":"auto","background-attachment":"scroll","background-type":"","background-media":"","overlay-type":"","overlay-color":"","overlay-opacity":"","overlay-gradient":""}},"ast-content-background-meta":{"desktop":{"background-color":"var(--ast-global-color-5)","background-image":"","background-repeat":"repeat","background-position":"center center","background-size":"auto","background-attachment":"scroll","background-type":"","background-media":"","overlay-type":"","overlay-color":"","overlay-opacity":"","overlay-gradient":""},"tablet":{"background-color":"var(--ast-global-color-5)","background-image":"","background-repeat":"repeat","background-position":"center center","background-size":"auto","background-attachment":"scroll","background-type":"","background-media":"","overlay-type":"","overlay-color":"","overlay-opacity":"","overlay-gradient":""},"mobile":{"background-color":"var(--ast-global-color-5)","background-image":"","background-repeat":"repeat","background-position":"center center","background-size":"auto","background-attachment":"scroll","background-type":"","background-media":"","overlay-type":"","overlay-color":"","overlay-opacity":"","overlay-gradient":""}},"footnotes":""},"class_list":["post-646","page","type-page","status-publish","hentry"],"rttpg_featured_image_url":null,"rttpg_author":{"display_name":"thaispavila","author_link":"https:\/\/www.icex.ufmg.br\/cenex\/author\/thaispavila\/"},"rttpg_comment":0,"rttpg_category":null,"rttpg_excerpt":"A matriz organiza o processo de avalia\u00e7\u00e3o em quatro partes \u2014 identifica\u00e7\u00e3o, estrutura da atividade, an\u00e1lise de m\u00e9rito e parecer [&hellip;]","_links":{"self":[{"href":"https:\/\/www.icex.ufmg.br\/cenex\/wp-json\/wp\/v2\/pages\/646","targetHints":{"allow":["GET"]}}],"collection":[{"href":"https:\/\/www.icex.ufmg.br\/cenex\/wp-json\/wp\/v2\/pages"}],"about":[{"href":"https:\/\/www.icex.ufmg.br\/cenex\/wp-json\/wp\/v2\/types\/page"}],"author":[{"embeddable":true,"href":"https:\/\/www.icex.ufmg.br\/cenex\/wp-json\/wp\/v2\/users\/4"}],"replies":[{"embeddable":true,"href":"https:\/\/www.icex.ufmg.br\/cenex\/wp-json\/wp\/v2\/comments?post=646"}],"version-history":[{"count":2,"href":"https:\/\/www.icex.ufmg.br\/cenex\/wp-json\/wp\/v2\/pages\/646\/revisions"}],"predecessor-version":[{"id":686,"href":"https:\/\/www.icex.ufmg.br\/cenex\/wp-json\/wp\/v2\/pages\/646\/revisions\/686"}],"wp:attachment":[{"href":"https:\/\/www.icex.ufmg.br\/cenex\/wp-json\/wp\/v2\/media?parent=646"}],"curies":[{"name":"wp","href":"https:\/\/api.w.org\/{rel}","templated":true}]}}