{"id":363,"date":"2024-08-28T16:41:40","date_gmt":"2024-08-28T19:41:40","guid":{"rendered":"https:\/\/www.icex.ufmg.br\/cenex\/?page_id=363"},"modified":"2026-03-31T15:04:19","modified_gmt":"2026-03-31T18:04:19","slug":"midias","status":"publish","type":"page","link":"https:\/\/www.icex.ufmg.br\/cenex\/midias\/","title":{"rendered":"Tutoriais"},"content":{"rendered":"\n<ul class=\"wp-block-list\">\n<li class=\"has-medium-font-size\"><em>Nessa aba voc\u00ea encontrar\u00e1 m\u00eddias para facilitar a compreens\u00e3o de como submeter a\u00e7\u00f5es de extens\u00e3o:<\/em><\/li>\n<\/ul>\n\n\n\n<p><\/p>\n\n\n\n<figure class=\"wp-block-image size-large is-resized\"><a href=\"https:\/\/drive.google.com\/file\/d\/1X4r5uOe9ROFbk2GS5lUSMxeupSRwSHTJ\/view\" target=\"_blank\" rel=\"noreferrer noopener\"><img fetchpriority=\"high\" decoding=\"async\" width=\"1024\" height=\"573\" src=\"https:\/\/www.icex.ufmg.br\/cenex\/wp-content\/uploads\/2024\/09\/WhatsApp-Image-2024-09-25-at-14.06.39-1024x573.jpeg\" alt=\"\" class=\"wp-image-386\" style=\"width:468px;height:auto\" srcset=\"https:\/\/www.icex.ufmg.br\/cenex\/wp-content\/uploads\/2024\/09\/WhatsApp-Image-2024-09-25-at-14.06.39-1024x573.jpeg 1024w, https:\/\/www.icex.ufmg.br\/cenex\/wp-content\/uploads\/2024\/09\/WhatsApp-Image-2024-09-25-at-14.06.39-300x168.jpeg 300w, https:\/\/www.icex.ufmg.br\/cenex\/wp-content\/uploads\/2024\/09\/WhatsApp-Image-2024-09-25-at-14.06.39-768x430.jpeg 768w, https:\/\/www.icex.ufmg.br\/cenex\/wp-content\/uploads\/2024\/09\/WhatsApp-Image-2024-09-25-at-14.06.39-1536x860.jpeg 1536w, https:\/\/www.icex.ufmg.br\/cenex\/wp-content\/uploads\/2024\/09\/WhatsApp-Image-2024-09-25-at-14.06.39.jpeg 1600w\" sizes=\"(max-width: 1024px) 100vw, 1024px\" \/><\/a><figcaption class=\"wp-element-caption\">V\u00eddeo de como submeter uma a\u00e7\u00e3o de extens\u00e3o.<\/figcaption><\/figure>\n\n\n\n<p class=\"has-ast-global-color-8-color has-text-color has-link-color wp-elements-bd726a8e0e5aca610f5c5d2c3745688d\"><\/p>\n\n\n\n<figure class=\"wp-block-image size-large is-resized\"><a href=\"https:\/\/www.icex.ufmg.br\/cenex\/wp-content\/uploads\/2024\/09\/Manual.pdf\" target=\"_blank\" rel=\"noreferrer noopener\"><img decoding=\"async\" width=\"724\" height=\"1024\" src=\"https:\/\/www.icex.ufmg.br\/cenex\/wp-content\/uploads\/2024\/09\/7433c2bc-2033-4be9-9ea0-468d4304a6bb-724x1024.jpg\" alt=\"\" class=\"wp-image-391\" style=\"width:477px;height:auto\" srcset=\"https:\/\/www.icex.ufmg.br\/cenex\/wp-content\/uploads\/2024\/09\/7433c2bc-2033-4be9-9ea0-468d4304a6bb-724x1024.jpg 724w, https:\/\/www.icex.ufmg.br\/cenex\/wp-content\/uploads\/2024\/09\/7433c2bc-2033-4be9-9ea0-468d4304a6bb-212x300.jpg 212w, https:\/\/www.icex.ufmg.br\/cenex\/wp-content\/uploads\/2024\/09\/7433c2bc-2033-4be9-9ea0-468d4304a6bb-768x1086.jpg 768w, https:\/\/www.icex.ufmg.br\/cenex\/wp-content\/uploads\/2024\/09\/7433c2bc-2033-4be9-9ea0-468d4304a6bb-1086x1536.jpg 1086w, https:\/\/www.icex.ufmg.br\/cenex\/wp-content\/uploads\/2024\/09\/7433c2bc-2033-4be9-9ea0-468d4304a6bb.jpg 1131w\" sizes=\"(max-width: 724px) 100vw, 724px\" \/><\/a><figcaption class=\"wp-element-caption\">Cartilha de como submeter uma a\u00e7\u00e3o de extens\u00e3o.<\/figcaption><\/figure>\n","protected":false},"excerpt":{"rendered":"","protected":false},"author":3,"featured_media":0,"parent":0,"menu_order":0,"comment_status":"closed","ping_status":"closed","template":"","meta":{"site-sidebar-layout":"default","site-content-layout":"","ast-site-content-layout":"default","site-content-style":"default","site-sidebar-style":"default","ast-global-header-display":"","ast-banner-title-visibility":"","ast-main-header-display":"","ast-hfb-above-header-display":"","ast-hfb-below-header-display":"","ast-hfb-mobile-header-display":"","site-post-title":"","ast-breadcrumbs-content":"","ast-featured-img":"","footer-sml-layout":"","ast-disable-related-posts":"","theme-transparent-header-meta":"","adv-header-id-meta":"","stick-header-meta":"","header-above-stick-meta":"","header-main-stick-meta":"","header-below-stick-meta":"","astra-migrate-meta-layouts":"default","ast-page-background-enabled":"default","ast-page-background-meta":{"desktop":{"background-color":"var(--ast-global-color-4)","background-image":"","background-repeat":"repeat","background-position":"center center","background-size":"auto","background-attachment":"scroll","background-type":"","background-media":"","overlay-type":"","overlay-color":"","overlay-opacity":"","overlay-gradient":""},"tablet":{"background-color":"","background-image":"","background-repeat":"repeat","background-position":"center center","background-size":"auto","background-attachment":"scroll","background-type":"","background-media":"","overlay-type":"","overlay-color":"","overlay-opacity":"","overlay-gradient":""},"mobile":{"background-color":"","background-image":"","background-repeat":"repeat","background-position":"center center","background-size":"auto","background-attachment":"scroll","background-type":"","background-media":"","overlay-type":"","overlay-color":"","overlay-opacity":"","overlay-gradient":""}},"ast-content-background-meta":{"desktop":{"background-color":"var(--ast-global-color-5)","background-image":"","background-repeat":"repeat","background-position":"center center","background-size":"auto","background-attachment":"scroll","background-type":"","background-media":"","overlay-type":"","overlay-color":"","overlay-opacity":"","overlay-gradient":""},"tablet":{"background-color":"var(--ast-global-color-5)","background-image":"","background-repeat":"repeat","background-position":"center center","background-size":"auto","background-attachment":"scroll","background-type":"","background-media":"","overlay-type":"","overlay-color":"","overlay-opacity":"","overlay-gradient":""},"mobile":{"background-color":"var(--ast-global-color-5)","background-image":"","background-repeat":"repeat","background-position":"center center","background-size":"auto","background-attachment":"scroll","background-type":"","background-media":"","overlay-type":"","overlay-color":"","overlay-opacity":"","overlay-gradient":""}},"footnotes":""},"class_list":["post-363","page","type-page","status-publish","hentry"],"rttpg_featured_image_url":null,"rttpg_author":{"display_name":"Anna Laura Duarte de Souza Souza","author_link":"https:\/\/www.icex.ufmg.br\/cenex\/author\/annalaura\/"},"rttpg_comment":0,"rttpg_category":null,"rttpg_excerpt":null,"_links":{"self":[{"href":"https:\/\/www.icex.ufmg.br\/cenex\/wp-json\/wp\/v2\/pages\/363","targetHints":{"allow":["GET"]}}],"collection":[{"href":"https:\/\/www.icex.ufmg.br\/cenex\/wp-json\/wp\/v2\/pages"}],"about":[{"href":"https:\/\/www.icex.ufmg.br\/cenex\/wp-json\/wp\/v2\/types\/page"}],"author":[{"embeddable":true,"href":"https:\/\/www.icex.ufmg.br\/cenex\/wp-json\/wp\/v2\/users\/3"}],"replies":[{"embeddable":true,"href":"https:\/\/www.icex.ufmg.br\/cenex\/wp-json\/wp\/v2\/comments?post=363"}],"version-history":[{"count":10,"href":"https:\/\/www.icex.ufmg.br\/cenex\/wp-json\/wp\/v2\/pages\/363\/revisions"}],"predecessor-version":[{"id":688,"href":"https:\/\/www.icex.ufmg.br\/cenex\/wp-json\/wp\/v2\/pages\/363\/revisions\/688"}],"wp:attachment":[{"href":"https:\/\/www.icex.ufmg.br\/cenex\/wp-json\/wp\/v2\/media?parent=363"}],"curies":[{"name":"wp","href":"https:\/\/api.w.org\/{rel}","templated":true}]}}