{"id":243,"date":"2024-07-09T14:48:24","date_gmt":"2024-07-09T17:48:24","guid":{"rendered":"https:\/\/www.icex.ufmg.br\/cenex\/?page_id=243"},"modified":"2024-10-16T16:12:16","modified_gmt":"2024-10-16T19:12:16","slug":"projetos","status":"publish","type":"page","link":"https:\/\/www.icex.ufmg.br\/cenex\/projetos\/","title":{"rendered":"Projetos"},"content":{"rendered":"\n<p class=\"has-white-color has-ast-global-color-0-background-color has-text-color has-background has-link-color has-medium-font-size wp-elements-629382b84d19b581d1c65cb139ef2e3a\" style=\"font-style:italic;font-weight:300\">Atualmente o ICEx conta com 32 Projetos de extens\u00e3o ativos! Voc\u00ea pode verificar quais s\u00e3o atrav\u00e9s do <a href=\"https:\/\/sistemas.ufmg.br\/siex\/Principal.do\">SIEX<\/a>. Aqui est\u00e3o alguns dos projetos relevantes no ICEx:<\/p>\n\n\n\n<p class=\"has-ast-global-color-4-background-color has-background has-medium-font-size\"><em><strong><a href=\"https:\/\/www.mat.ufmg.br\/visitas\/\" target=\"_blank\" rel=\"noreferrer noopener\">Projeto Visitas<\/a><\/strong><\/em><\/p>\n\n\n\n<figure class=\"wp-block-image size-large is-resized\"><a href=\"https:\/\/www.mat.ufmg.br\/visitas\/\" target=\"_blank\" rel=\"noreferrer noopener\"><img fetchpriority=\"high\" decoding=\"async\" width=\"1024\" height=\"425\" src=\"https:\/\/www.icex.ufmg.br\/cenex\/wp-content\/uploads\/2024\/09\/WhatsApp-Image-2024-09-25-at-15.59.33-1024x425.jpeg\" alt=\"\" class=\"wp-image-402\" style=\"width:1196px;height:auto\" srcset=\"https:\/\/www.icex.ufmg.br\/cenex\/wp-content\/uploads\/2024\/09\/WhatsApp-Image-2024-09-25-at-15.59.33-1024x425.jpeg 1024w, https:\/\/www.icex.ufmg.br\/cenex\/wp-content\/uploads\/2024\/09\/WhatsApp-Image-2024-09-25-at-15.59.33-300x125.jpeg 300w, https:\/\/www.icex.ufmg.br\/cenex\/wp-content\/uploads\/2024\/09\/WhatsApp-Image-2024-09-25-at-15.59.33-768x319.jpeg 768w, https:\/\/www.icex.ufmg.br\/cenex\/wp-content\/uploads\/2024\/09\/WhatsApp-Image-2024-09-25-at-15.59.33-1536x638.jpeg 1536w, https:\/\/www.icex.ufmg.br\/cenex\/wp-content\/uploads\/2024\/09\/WhatsApp-Image-2024-09-25-at-15.59.33.jpeg 1548w\" sizes=\"(max-width: 1024px) 100vw, 1024px\" \/><\/a><figcaption class=\"wp-element-caption\">O projeto &#8220;Visitas&#8221; busca desmistificar a Matem\u00e1tica por meio de atividades criativas e desafiantes, mostrando que ela pode ser divertida. Oferecemos visitas agendadas e oficinas semestrais para professores de Matem\u00e1tica, onde apresentamos jogos e discutimos suas adapta\u00e7\u00f5es para a pr\u00e1tica docente.<\/figcaption><\/figure>\n\n\n\n<p><\/p>\n\n\n\n<p class=\"has-ast-global-color-0-color has-ast-global-color-4-background-color has-text-color has-background has-link-color has-medium-font-size wp-elements-061ae4b1f167a46424953f70ac6765e8\"><strong><em><a href=\"https:\/\/dcc.ufmg.br\/projeto-mentored-coordenado-por-pesquisadora-do-dcc-ufmg-e-apresentado-na-franca\/\" target=\"_blank\" rel=\"noreferrer noopener\">Projeto MENTORED<\/a><\/em><\/strong><\/p>\n\n\n\n<figure class=\"wp-block-image size-full is-resized\"><a href=\"https:\/\/dcc.ufmg.br\/projeto-mentored-coordenado-por-pesquisadora-do-dcc-ufmg-e-apresentado-na-franca\/\" target=\"_blank\" rel=\"noreferrer noopener\"><img decoding=\"async\" width=\"1024\" height=\"768\" src=\"https:\/\/www.icex.ufmg.br\/cenex\/wp-content\/uploads\/2024\/09\/projeto-dcc.jpeg\" alt=\"\" class=\"wp-image-401\" style=\"width:1201px;height:auto\" srcset=\"https:\/\/www.icex.ufmg.br\/cenex\/wp-content\/uploads\/2024\/09\/projeto-dcc.jpeg 1024w, https:\/\/www.icex.ufmg.br\/cenex\/wp-content\/uploads\/2024\/09\/projeto-dcc-300x225.jpeg 300w, https:\/\/www.icex.ufmg.br\/cenex\/wp-content\/uploads\/2024\/09\/projeto-dcc-768x576.jpeg 768w\" sizes=\"(max-width: 1024px) 100vw, 1024px\" \/><\/a><figcaption class=\"wp-element-caption\">A professora do DCC\/UFMG apresentou o projeto MENTORED na Universidade de Lorraine, Fran\u00e7a. Selecionado pela chamada MCTIC\/CGI\/FAPESP 2018, MENTORED \u00e9 uma colabora\u00e7\u00e3o entre v\u00e1rias universidades e institui\u00e7\u00f5es, focando em identificar e mitigar comportamentos maliciosos na IoT e ataques DDoS. O projeto visa avan\u00e7ar o conhecimento em Seguran\u00e7a Cibern\u00e9tica, formar recursos humanos e fortalecer a coopera\u00e7\u00e3o internacional em pesquisa e inova\u00e7\u00e3o. Al\u00e9m disso, oferece um testbed para que pesquisadores experimentem suas solu\u00e7\u00f5es.<\/figcaption><\/figure>\n\n\n\n<p><\/p>\n\n\n\n<p class=\"has-ast-global-color-0-color has-ast-global-color-4-background-color has-text-color has-background has-link-color has-medium-font-size wp-elements-0a512f254b52f6de9971dbf3a52880fa\"><strong><em><a href=\"https:\/\/1000fc.qui.ufmg.br\/1000-fc\/\" data-type=\"link\" data-id=\"https:\/\/1000fc.qui.ufmg.br\/1000-fc\/\" target=\"_blank\" rel=\"noreferrer noopener\">1000 Futuros Cientistas<\/a><\/em><\/strong><\/p>\n\n\n\n<figure class=\"wp-block-image size-full is-resized\"><a href=\"https:\/\/1000fc.qui.ufmg.br\/1000-fc\/\" target=\"_blank\" rel=\"noreferrer noopener\"><img decoding=\"async\" width=\"1024\" height=\"576\" src=\"https:\/\/www.icex.ufmg.br\/cenex\/wp-content\/uploads\/2024\/09\/projeto-quimica.jpeg\" alt=\"\" class=\"wp-image-399\" style=\"width:1201px;height:auto\" srcset=\"https:\/\/www.icex.ufmg.br\/cenex\/wp-content\/uploads\/2024\/09\/projeto-quimica.jpeg 1024w, https:\/\/www.icex.ufmg.br\/cenex\/wp-content\/uploads\/2024\/09\/projeto-quimica-300x169.jpeg 300w, https:\/\/www.icex.ufmg.br\/cenex\/wp-content\/uploads\/2024\/09\/projeto-quimica-768x432.jpeg 768w\" sizes=\"(max-width: 1024px) 100vw, 1024px\" \/><\/a><figcaption class=\"wp-element-caption\">O projeto &#8220;1000 Futuros Cientistas&#8221;, organizado por alunos da UFMG, tem como objetivo tornar a ci\u00eancia mais acess\u00edvel a estudantes da rede p\u00fablica. Isso \u00e9 feito por meio de visitas a escolas e eventos na universidade, onde s\u00e3o apresentados experimentos e conte\u00fados did\u00e1ticos. O programa utiliza a infraestrutura do campus, incluindo laborat\u00f3rios do Instituto de Qu\u00edmica e outros ambientes escolares, para proporcionar uma experi\u00eancia pr\u00e1tica e te\u00f3rica aos alunos.<\/figcaption><\/figure>\n\n\n\n<p><\/p>\n\n\n\n<p class=\"has-ast-global-color-0-color has-ast-global-color-4-background-color has-text-color has-background has-link-color has-medium-font-size wp-elements-ab02b1f29128724b75e3ec4600e4f660\"><strong><em><a href=\"https:\/\/www.est.ufmg.br\/portal\/coronavirus\/\" target=\"_blank\" rel=\"noreferrer noopener\">Base de Dados, Cen\u00e1rios e Previs\u00f5es<\/a><\/em><\/strong><\/p>\n\n\n\n<figure class=\"wp-block-image size-full is-resized\"><a href=\"https:\/\/www.est.ufmg.br\/portal\/coronavirus\/\" target=\"_blank\" rel=\"noreferrer noopener\"><img loading=\"lazy\" decoding=\"async\" width=\"712\" height=\"474\" src=\"https:\/\/www.icex.ufmg.br\/cenex\/wp-content\/uploads\/2024\/09\/projeto-estatistica.jpg\" alt=\"\" class=\"wp-image-400\" style=\"width:1200px;height:auto\" srcset=\"https:\/\/www.icex.ufmg.br\/cenex\/wp-content\/uploads\/2024\/09\/projeto-estatistica.jpg 712w, https:\/\/www.icex.ufmg.br\/cenex\/wp-content\/uploads\/2024\/09\/projeto-estatistica-300x200.jpg 300w\" sizes=\"(max-width: 712px) 100vw, 712px\" \/><\/a><figcaption class=\"wp-element-caption\">Aplicativos desenvolvidos pelo Departamento de Estat\u00edstica permitem projetar infec\u00e7\u00f5es e mortes por coronav\u00edrus a longo prazo. Essas ferramentas possibilitam compara\u00e7\u00f5es entre dados, apresentam previs\u00f5es de picos e geram artigos sobre diferentes cen\u00e1rios da pandemia. Elas t\u00eam sido fundamentais para auxiliar na an\u00e1lise e compreens\u00e3o da evolu\u00e7\u00e3o da Covid-19.<\/figcaption><\/figure>\n\n\n\n<p><\/p>\n","protected":false},"excerpt":{"rendered":"<p>Atualmente o ICEx conta com 32 Projetos de extens\u00e3o ativos! Voc\u00ea pode verificar quais s\u00e3o atrav\u00e9s do SIEX. Aqui est\u00e3o [&hellip;]<\/p>\n","protected":false},"author":1,"featured_media":0,"parent":0,"menu_order":0,"comment_status":"closed","ping_status":"closed","template":"","meta":{"site-sidebar-layout":"default","site-content-layout":"","ast-site-content-layout":"default","site-content-style":"default","site-sidebar-style":"default","ast-global-header-display":"","ast-banner-title-visibility":"","ast-main-header-display":"","ast-hfb-above-header-display":"","ast-hfb-below-header-display":"","ast-hfb-mobile-header-display":"","site-post-title":"","ast-breadcrumbs-content":"","ast-featured-img":"","footer-sml-layout":"","ast-disable-related-posts":"","theme-transparent-header-meta":"","adv-header-id-meta":"","stick-header-meta":"","header-above-stick-meta":"","header-main-stick-meta":"","header-below-stick-meta":"","astra-migrate-meta-layouts":"default","ast-page-background-enabled":"default","ast-page-background-meta":{"desktop":{"background-color":"var(--ast-global-color-4)","background-image":"","background-repeat":"repeat","background-position":"center center","background-size":"auto","background-attachment":"scroll","background-type":"","background-media":"","overlay-type":"","overlay-color":"","overlay-opacity":"","overlay-gradient":""},"tablet":{"background-color":"","background-image":"","background-repeat":"repeat","background-position":"center center","background-size":"auto","background-attachment":"scroll","background-type":"","background-media":"","overlay-type":"","overlay-color":"","overlay-opacity":"","overlay-gradient":""},"mobile":{"background-color":"","background-image":"","background-repeat":"repeat","background-position":"center center","background-size":"auto","background-attachment":"scroll","background-type":"","background-media":"","overlay-type":"","overlay-color":"","overlay-opacity":"","overlay-gradient":""}},"ast-content-background-meta":{"desktop":{"background-color":"var(--ast-global-color-5)","background-image":"","background-repeat":"repeat","background-position":"center center","background-size":"auto","background-attachment":"scroll","background-type":"","background-media":"","overlay-type":"","overlay-color":"","overlay-opacity":"","overlay-gradient":""},"tablet":{"background-color":"var(--ast-global-color-5)","background-image":"","background-repeat":"repeat","background-position":"center center","background-size":"auto","background-attachment":"scroll","background-type":"","background-media":"","overlay-type":"","overlay-color":"","overlay-opacity":"","overlay-gradient":""},"mobile":{"background-color":"var(--ast-global-color-5)","background-image":"","background-repeat":"repeat","background-position":"center center","background-size":"auto","background-attachment":"scroll","background-type":"","background-media":"","overlay-type":"","overlay-color":"","overlay-opacity":"","overlay-gradient":""}},"footnotes":""},"class_list":["post-243","page","type-page","status-publish","hentry"],"rttpg_featured_image_url":null,"rttpg_author":{"display_name":"lperacio","author_link":"https:\/\/www.icex.ufmg.br\/cenex\/author\/lperacio\/"},"rttpg_comment":0,"rttpg_category":null,"rttpg_excerpt":"Atualmente o ICEx conta com 32 Projetos de extens\u00e3o ativos! Voc\u00ea pode verificar quais s\u00e3o atrav\u00e9s do SIEX. Aqui est\u00e3o [&hellip;]","_links":{"self":[{"href":"https:\/\/www.icex.ufmg.br\/cenex\/wp-json\/wp\/v2\/pages\/243","targetHints":{"allow":["GET"]}}],"collection":[{"href":"https:\/\/www.icex.ufmg.br\/cenex\/wp-json\/wp\/v2\/pages"}],"about":[{"href":"https:\/\/www.icex.ufmg.br\/cenex\/wp-json\/wp\/v2\/types\/page"}],"author":[{"embeddable":true,"href":"https:\/\/www.icex.ufmg.br\/cenex\/wp-json\/wp\/v2\/users\/1"}],"replies":[{"embeddable":true,"href":"https:\/\/www.icex.ufmg.br\/cenex\/wp-json\/wp\/v2\/comments?post=243"}],"version-history":[{"count":6,"href":"https:\/\/www.icex.ufmg.br\/cenex\/wp-json\/wp\/v2\/pages\/243\/revisions"}],"predecessor-version":[{"id":473,"href":"https:\/\/www.icex.ufmg.br\/cenex\/wp-json\/wp\/v2\/pages\/243\/revisions\/473"}],"wp:attachment":[{"href":"https:\/\/www.icex.ufmg.br\/cenex\/wp-json\/wp\/v2\/media?parent=243"}],"curies":[{"name":"wp","href":"https:\/\/api.w.org\/{rel}","templated":true}]}}