{"id":224,"date":"2024-07-09T14:11:21","date_gmt":"2024-07-09T17:11:21","guid":{"rendered":"https:\/\/www.icex.ufmg.br\/cenex\/?page_id=224"},"modified":"2024-09-25T13:41:46","modified_gmt":"2024-09-25T16:41:46","slug":"sistema-de-informacao-da-extensao","status":"publish","type":"page","link":"https:\/\/www.icex.ufmg.br\/cenex\/sistema-de-informacao-da-extensao\/","title":{"rendered":"Sistema de Informa\u00e7\u00e3o da Extens\u00e3o (SIEX)"},"content":{"rendered":"\n<p>O Sistema de Informa\u00e7\u00e3o da Extens\u00e3o, SIEX\/UFMG, \u00e9 um sistema de cadastro e gerenciamento de dados que foi criado tendo em vista as novas demandas e desafios da Extens\u00e3o na Universidade Federal de Minas Gerais. A primeira vers\u00e3o do SIEX foi desenvolvida pela UFMG em 1993 e passou a atender \u00e0s universidades integrantes do F\u00f3rum de Pr\u00f3-Reitores de Extens\u00e3o das Universidades P\u00fablicas Brasileiras em 2000. O novo SIEX, al\u00e9m de registrar as informa\u00e7\u00f5es da Extens\u00e3o, ir\u00e1 auxiliar a Pr\u00f3-reitoria de Extens\u00e3o e os Centros de Extens\u00e3o a gerir as atividades.<\/p>\n\n\n\n<p>A consulta a esse rico banco de dados \u00e9 aberta a toda a comunidade, sem a necessidade de cadastro pr\u00e9vio, senhas ou login, basta clicar no menu ao lado para conhecer mais sobre a Extens\u00e3o universit\u00e1ria e consultar a\u00e7\u00f5es de extens\u00e3o da UFMG.<\/p>\n\n\n\n<p><strong>A\u00e7\u00e3o de Extens\u00e3o:<\/strong><\/p>\n\n\n\n<p>As a\u00e7\u00f5es de Extens\u00e3o tem por meta a integra\u00e7\u00e3o da UFMG com a sociedade, visando estabelecer v\u00ednculos efetivos com os movimentos, demandas e pol\u00edticas de diferentes setores sociais. A base dessa integra\u00e7\u00e3o \u00e9 o di\u00e1logo realizado por meio de Programas, Projetos, Cursos, Eventos e Presta\u00e7\u00e3o de servi\u00e7os promovidos pela comunidade acad\u00eamica.<\/p>\n\n\n\n<p>O SIEX\/UFMG disponibiliza todas as a\u00e7\u00f5es de Extens\u00e3o para consulta da comunidade. Basta preencher um dos campos de pesquisa para ter acesso \u00e0s informa\u00e7\u00f5es. O SIEX disponibiliza tamb\u00e9m o georreferenciamento das a\u00e7\u00f5es cadastradas.<\/p>\n\n\n\n<p><strong><a href=\"https:\/\/sistemas.ufmg.br\/siex\/PrepararPesquisarAcaoExtensao.do\" target=\"_blank\" rel=\"noreferrer noopener\">Clique aqui<\/a>&nbsp;para realizar uma consulta online&nbsp;de A\u00e7\u00f5es de Extens\u00e3o<\/strong><\/p>\n","protected":false},"excerpt":{"rendered":"<p>O Sistema de Informa\u00e7\u00e3o da Extens\u00e3o, SIEX\/UFMG, \u00e9 um sistema de cadastro e gerenciamento de dados que foi criado tendo [&hellip;]<\/p>\n","protected":false},"author":1,"featured_media":0,"parent":0,"menu_order":0,"comment_status":"closed","ping_status":"closed","template":"","meta":{"site-sidebar-layout":"default","site-content-layout":"","ast-site-content-layout":"default","site-content-style":"default","site-sidebar-style":"default","ast-global-header-display":"","ast-banner-title-visibility":"","ast-main-header-display":"","ast-hfb-above-header-display":"","ast-hfb-below-header-display":"","ast-hfb-mobile-header-display":"","site-post-title":"","ast-breadcrumbs-content":"","ast-featured-img":"","footer-sml-layout":"","ast-disable-related-posts":"","theme-transparent-header-meta":"","adv-header-id-meta":"","stick-header-meta":"","header-above-stick-meta":"","header-main-stick-meta":"","header-below-stick-meta":"","astra-migrate-meta-layouts":"default","ast-page-background-enabled":"default","ast-page-background-meta":{"desktop":{"background-color":"var(--ast-global-color-4)","background-image":"","background-repeat":"repeat","background-position":"center center","background-size":"auto","background-attachment":"scroll","background-type":"","background-media":"","overlay-type":"","overlay-color":"","overlay-opacity":"","overlay-gradient":""},"tablet":{"background-color":"","background-image":"","background-repeat":"repeat","background-position":"center center","background-size":"auto","background-attachment":"scroll","background-type":"","background-media":"","overlay-type":"","overlay-color":"","overlay-opacity":"","overlay-gradient":""},"mobile":{"background-color":"","background-image":"","background-repeat":"repeat","background-position":"center center","background-size":"auto","background-attachment":"scroll","background-type":"","background-media":"","overlay-type":"","overlay-color":"","overlay-opacity":"","overlay-gradient":""}},"ast-content-background-meta":{"desktop":{"background-color":"var(--ast-global-color-5)","background-image":"","background-repeat":"repeat","background-position":"center center","background-size":"auto","background-attachment":"scroll","background-type":"","background-media":"","overlay-type":"","overlay-color":"","overlay-opacity":"","overlay-gradient":""},"tablet":{"background-color":"var(--ast-global-color-5)","background-image":"","background-repeat":"repeat","background-position":"center center","background-size":"auto","background-attachment":"scroll","background-type":"","background-media":"","overlay-type":"","overlay-color":"","overlay-opacity":"","overlay-gradient":""},"mobile":{"background-color":"var(--ast-global-color-5)","background-image":"","background-repeat":"repeat","background-position":"center center","background-size":"auto","background-attachment":"scroll","background-type":"","background-media":"","overlay-type":"","overlay-color":"","overlay-opacity":"","overlay-gradient":""}},"footnotes":""},"class_list":["post-224","page","type-page","status-publish","hentry"],"rttpg_featured_image_url":null,"rttpg_author":{"display_name":"lperacio","author_link":"https:\/\/www.icex.ufmg.br\/cenex\/author\/lperacio\/"},"rttpg_comment":0,"rttpg_category":null,"rttpg_excerpt":"O Sistema de Informa\u00e7\u00e3o da Extens\u00e3o, SIEX\/UFMG, \u00e9 um sistema de cadastro e gerenciamento de dados que foi criado tendo [&hellip;]","_links":{"self":[{"href":"https:\/\/www.icex.ufmg.br\/cenex\/wp-json\/wp\/v2\/pages\/224","targetHints":{"allow":["GET"]}}],"collection":[{"href":"https:\/\/www.icex.ufmg.br\/cenex\/wp-json\/wp\/v2\/pages"}],"about":[{"href":"https:\/\/www.icex.ufmg.br\/cenex\/wp-json\/wp\/v2\/types\/page"}],"author":[{"embeddable":true,"href":"https:\/\/www.icex.ufmg.br\/cenex\/wp-json\/wp\/v2\/users\/1"}],"replies":[{"embeddable":true,"href":"https:\/\/www.icex.ufmg.br\/cenex\/wp-json\/wp\/v2\/comments?post=224"}],"version-history":[{"count":3,"href":"https:\/\/www.icex.ufmg.br\/cenex\/wp-json\/wp\/v2\/pages\/224\/revisions"}],"predecessor-version":[{"id":383,"href":"https:\/\/www.icex.ufmg.br\/cenex\/wp-json\/wp\/v2\/pages\/224\/revisions\/383"}],"wp:attachment":[{"href":"https:\/\/www.icex.ufmg.br\/cenex\/wp-json\/wp\/v2\/media?parent=224"}],"curies":[{"name":"wp","href":"https:\/\/api.w.org\/{rel}","templated":true}]}}