{"id":2,"date":"2024-06-11T15:53:00","date_gmt":"2024-06-11T18:53:00","guid":{"rendered":"https:\/\/www.icex.ufmg.br\/cenex\/?page_id=2"},"modified":"2026-04-30T10:07:04","modified_gmt":"2026-04-30T13:07:04","slug":"pagina-exemplo","status":"publish","type":"page","link":"https:\/\/www.icex.ufmg.br\/cenex\/pagina-exemplo\/","title":{"rendered":"Colegiado"},"content":{"rendered":"\n<p class=\"has-text-align-center has-ast-global-color-8-color has-text-color has-background has-link-color has-medium-font-size wp-elements-29bf0769476df511fefe9d2136f6c085\" style=\"background-color:#079fe33b\">COLEGIADO<\/p>\n\n\n\n<p class=\"has-text-align-center has-white-color has-ast-global-color-0-background-color has-text-color has-background has-link-color has-small-font-size wp-elements-d0517e2da042979ce11ae5e54e8bd74f\"><strong>COORDENADOR E SUBCOORDENADOR<\/strong><\/p>\n\n\n\n<div class=\"wp-block-group is-content-justification-center is-nowrap is-layout-flex wp-container-core-group-is-layout-23441af8 wp-block-group-is-layout-flex\">\n<figure class=\"wp-block-image aligncenter size-full is-resized is-style-rounded\"><img fetchpriority=\"high\" decoding=\"async\" width=\"960\" height=\"1280\" src=\"https:\/\/www.icex.ufmg.br\/cenex\/wp-content\/uploads\/2024\/10\/WhatsApp-Image-2024-10-02-at-14.09.11.jpeg\" alt=\"\" class=\"wp-image-445\" style=\"width:235px;height:auto\" srcset=\"https:\/\/www.icex.ufmg.br\/cenex\/wp-content\/uploads\/2024\/10\/WhatsApp-Image-2024-10-02-at-14.09.11.jpeg 960w, https:\/\/www.icex.ufmg.br\/cenex\/wp-content\/uploads\/2024\/10\/WhatsApp-Image-2024-10-02-at-14.09.11-225x300.jpeg 225w, https:\/\/www.icex.ufmg.br\/cenex\/wp-content\/uploads\/2024\/10\/WhatsApp-Image-2024-10-02-at-14.09.11-768x1024.jpeg 768w\" sizes=\"(max-width: 960px) 100vw, 960px\" \/><figcaption class=\"wp-element-caption\">Ad\u00e3o Aparecido Sabino<br>Qu\u00edmica<br>14\/08\/2024 a 13\/08\/2026<br>Coordenador<br>asabin@ufmg.br<\/figcaption><\/figure>\n\n\n\n<figure class=\"wp-block-image aligncenter size-full is-resized is-style-rounded\"><img decoding=\"async\" width=\"854\" height=\"1139\" src=\"https:\/\/www.icex.ufmg.br\/cenex\/wp-content\/uploads\/2024\/10\/foto_aniura_10_2024-edited-1.jpg\" alt=\"\" class=\"wp-image-462\" style=\"width:233px;height:auto\" srcset=\"https:\/\/www.icex.ufmg.br\/cenex\/wp-content\/uploads\/2024\/10\/foto_aniura_10_2024-edited-1.jpg 854w, https:\/\/www.icex.ufmg.br\/cenex\/wp-content\/uploads\/2024\/10\/foto_aniura_10_2024-edited-1-225x300.jpg 225w, https:\/\/www.icex.ufmg.br\/cenex\/wp-content\/uploads\/2024\/10\/foto_aniura_10_2024-edited-1-768x1024.jpg 768w\" sizes=\"(max-width: 854px) 100vw, 854px\" \/><figcaption class=\"wp-element-caption\">Aniura Milan\u00e9s Barrientos<br>Matem\u00e1tica<br>14\/08\/2024 a 13\/08\/2026<br>Subcoordenadora<br>aniura@ufmg.br<\/figcaption><\/figure>\n<\/div>\n\n\n\n<p class=\"has-text-align-center has-white-color has-ast-global-color-0-background-color has-text-color has-background has-link-color has-small-font-size wp-elements-19c70aac61322c86fa925415070a0c5c\"><strong>QU\u00cdMICA<\/strong><\/p>\n\n\n\n<div class=\"wp-block-group is-content-justification-center is-nowrap is-layout-flex wp-container-core-group-is-layout-23441af8 wp-block-group-is-layout-flex\">\n<figure class=\"wp-block-image aligncenter size-large is-resized is-style-rounded\"><img decoding=\"async\" width=\"2560\" height=\"2560\" src=\"https:\/\/www.icex.ufmg.br\/cenex\/wp-content\/uploads\/2024\/10\/foto-1-edited-scaled.jpg\" alt=\"\" class=\"wp-image-441\" style=\"width:302px;height:auto\" srcset=\"https:\/\/www.icex.ufmg.br\/cenex\/wp-content\/uploads\/2024\/10\/foto-1-edited-scaled.jpg 2560w, https:\/\/www.icex.ufmg.br\/cenex\/wp-content\/uploads\/2024\/10\/foto-1-edited-300x300.jpg 300w, https:\/\/www.icex.ufmg.br\/cenex\/wp-content\/uploads\/2024\/10\/foto-1-edited-1024x1024.jpg 1024w, https:\/\/www.icex.ufmg.br\/cenex\/wp-content\/uploads\/2024\/10\/foto-1-edited-150x150.jpg 150w, https:\/\/www.icex.ufmg.br\/cenex\/wp-content\/uploads\/2024\/10\/foto-1-edited-768x768.jpg 768w, https:\/\/www.icex.ufmg.br\/cenex\/wp-content\/uploads\/2024\/10\/foto-1-edited-1536x1536.jpg 1536w, https:\/\/www.icex.ufmg.br\/cenex\/wp-content\/uploads\/2024\/10\/foto-1-edited-2048x2048.jpg 2048w\" sizes=\"(max-width: 2560px) 100vw, 2560px\" \/><figcaption class=\"wp-element-caption\">Jo\u00e3o Paulo Ataide<br>08\/07\/2024 a 07\/06\/2026<br>Titular<br>joaopauloam@qui.ufmg;br<\/figcaption><\/figure>\n\n\n\n<figure class=\"wp-block-image aligncenter size-full is-resized is-style-rounded\"><img loading=\"lazy\" decoding=\"async\" width=\"586\" height=\"640\" src=\"https:\/\/www.icex.ufmg.br\/cenex\/wp-content\/uploads\/2024\/10\/Diego.jpg\" alt=\"\" class=\"wp-image-424\" style=\"width:280px;height:auto\" srcset=\"https:\/\/www.icex.ufmg.br\/cenex\/wp-content\/uploads\/2024\/10\/Diego.jpg 586w, https:\/\/www.icex.ufmg.br\/cenex\/wp-content\/uploads\/2024\/10\/Diego-275x300.jpg 275w\" sizes=\"(max-width: 586px) 100vw, 586px\" \/><figcaption class=\"wp-element-caption\">Diego Gomes Rocha<br>08\/07\/2024 a 07\/06\/2026<br>Suplente<br>diegogr.ufmg@gmail.com<\/figcaption><\/figure>\n<\/div>\n\n\n\n<p class=\"has-text-align-center has-white-color has-ast-global-color-0-background-color has-text-color has-background has-link-color has-small-font-size wp-elements-acddfa18aac6b0a03aed52935eb4d545\"><strong>MATEM\u00c1TICA<\/strong><\/p>\n\n\n\n<div class=\"wp-block-group is-horizontal is-content-justification-center is-nowrap is-layout-flex wp-container-core-group-is-layout-2256e7f1 wp-block-group-is-layout-flex\">\n<figure class=\"wp-block-image aligncenter size-full is-resized is-style-rounded\"><img loading=\"lazy\" decoding=\"async\" width=\"1920\" height=\"2560\" src=\"https:\/\/www.icex.ufmg.br\/cenex\/wp-content\/uploads\/2024\/10\/Retrato-Alberto-26-09-2024-scaled.jpg\" alt=\"\" class=\"wp-image-456\" style=\"width:250px;height:auto\" srcset=\"https:\/\/www.icex.ufmg.br\/cenex\/wp-content\/uploads\/2024\/10\/Retrato-Alberto-26-09-2024-scaled.jpg 1920w, https:\/\/www.icex.ufmg.br\/cenex\/wp-content\/uploads\/2024\/10\/Retrato-Alberto-26-09-2024-225x300.jpg 225w, https:\/\/www.icex.ufmg.br\/cenex\/wp-content\/uploads\/2024\/10\/Retrato-Alberto-26-09-2024-768x1024.jpg 768w, https:\/\/www.icex.ufmg.br\/cenex\/wp-content\/uploads\/2024\/10\/Retrato-Alberto-26-09-2024-1152x1536.jpg 1152w, https:\/\/www.icex.ufmg.br\/cenex\/wp-content\/uploads\/2024\/10\/Retrato-Alberto-26-09-2024-1536x2048.jpg 1536w\" sizes=\"(max-width: 1920px) 100vw, 1920px\" \/><figcaption class=\"wp-element-caption\">Alberto Sarmiento<br>25\/08\/2022 a 24\/07\/2026<br>Titular<br>sarmiento@mat.ufmg.br<\/figcaption><\/figure>\n\n\n\n<figure class=\"wp-block-image aligncenter size-full is-resized is-style-rounded\"><img loading=\"lazy\" decoding=\"async\" width=\"441\" height=\"382\" src=\"https:\/\/www.icex.ufmg.br\/cenex\/wp-content\/uploads\/2026\/03\/Rafael-Bezerra-dos-Santos.jpg\" alt=\"\" class=\"wp-image-676\" style=\"width:268px;height:auto\" srcset=\"https:\/\/www.icex.ufmg.br\/cenex\/wp-content\/uploads\/2026\/03\/Rafael-Bezerra-dos-Santos.jpg 441w, https:\/\/www.icex.ufmg.br\/cenex\/wp-content\/uploads\/2026\/03\/Rafael-Bezerra-dos-Santos-300x260.jpg 300w\" sizes=\"(max-width: 441px) 100vw, 441px\" \/><figcaption class=\"wp-element-caption\">Rafael Bezerra dos Santos<br>03\/03\/2026 a 24\/07\/2026<br>Suplente<br>rafaelsantos23@mat.ufmg.br<\/figcaption><\/figure>\n<\/div>\n\n\n\n<p class=\"has-text-align-center has-white-color has-ast-global-color-0-background-color has-text-color has-background has-link-color has-small-font-size wp-elements-e879ca33935817c94345532a6853e794\"><strong>CI\u00caNCIA DA COMPUTA\u00c7\u00c3O<\/strong><\/p>\n\n\n\n<div class=\"wp-block-group is-content-justification-center is-nowrap is-layout-flex wp-container-core-group-is-layout-23441af8 wp-block-group-is-layout-flex\">\n<figure class=\"wp-block-image aligncenter size-large is-resized is-style-rounded\"><img loading=\"lazy\" decoding=\"async\" width=\"683\" height=\"1024\" src=\"https:\/\/www.icex.ufmg.br\/cenex\/wp-content\/uploads\/2024\/10\/Daniel-2-maior-683x1024.jpg\" alt=\"\" class=\"wp-image-413\" style=\"width:232px;height:auto\" srcset=\"https:\/\/www.icex.ufmg.br\/cenex\/wp-content\/uploads\/2024\/10\/Daniel-2-maior-683x1024.jpg 683w, https:\/\/www.icex.ufmg.br\/cenex\/wp-content\/uploads\/2024\/10\/Daniel-2-maior-200x300.jpg 200w, https:\/\/www.icex.ufmg.br\/cenex\/wp-content\/uploads\/2024\/10\/Daniel-2-maior-768x1152.jpg 768w, https:\/\/www.icex.ufmg.br\/cenex\/wp-content\/uploads\/2024\/10\/Daniel-2-maior-1024x1536.jpg 1024w, https:\/\/www.icex.ufmg.br\/cenex\/wp-content\/uploads\/2024\/10\/Daniel-2-maior-1365x2048.jpg 1365w, https:\/\/www.icex.ufmg.br\/cenex\/wp-content\/uploads\/2024\/10\/Daniel-2-maior.jpg 1500w\" sizes=\"(max-width: 683px) 100vw, 683px\" \/><figcaption class=\"wp-element-caption\">Daniel Fernandes Macedo<br>17\/03\/2024 a 16\/03\/2026<br>Titular<br>damacedo@ufmg.br<\/figcaption><\/figure>\n\n\n\n<figure class=\"wp-block-image aligncenter size-full is-resized is-style-rounded\"><img loading=\"lazy\" decoding=\"async\" width=\"200\" height=\"300\" src=\"https:\/\/www.icex.ufmg.br\/cenex\/wp-content\/uploads\/2024\/10\/martin-1-227x300-1-edited.jpg\" alt=\"\" class=\"wp-image-449\" style=\"width:232px;height:auto\"\/><figcaption class=\"wp-element-caption\">Mart\u00edn G\u00f3mez Ravetti<br>17\/03\/2024 a 16\/03\/2026<br>Suplente<br>martin@dcc.ufmg.br<\/figcaption><\/figure>\n<\/div>\n\n\n\n<p class=\"has-text-align-center has-white-color has-ast-global-color-0-background-color has-text-color has-background has-link-color has-small-font-size wp-elements-8476b8f12a164004fe4a4a20e885535b\"><strong>F\u00cdSICA<\/strong><\/p>\n\n\n\n<div class=\"wp-block-group is-content-justification-center is-nowrap is-layout-flex wp-container-core-group-is-layout-23441af8 wp-block-group-is-layout-flex\">\n<figure class=\"wp-block-image aligncenter size-full is-resized is-style-rounded\"><img loading=\"lazy\" decoding=\"async\" width=\"379\" height=\"605\" src=\"https:\/\/www.icex.ufmg.br\/cenex\/wp-content\/uploads\/2024\/10\/8724116061736686.jpg\" alt=\"\" class=\"wp-image-420\" style=\"width:167px;height:auto\" srcset=\"https:\/\/www.icex.ufmg.br\/cenex\/wp-content\/uploads\/2024\/10\/8724116061736686.jpg 379w, https:\/\/www.icex.ufmg.br\/cenex\/wp-content\/uploads\/2024\/10\/8724116061736686-188x300.jpg 188w\" sizes=\"(max-width: 379px) 100vw, 379px\" \/><figcaption class=\"wp-element-caption\">Livia Siman Gomes<br>Suplente<br>liviasg@ufmg.br<\/figcaption><\/figure>\n\n\n\n<figure class=\"wp-block-image aligncenter size-full is-resized is-style-rounded\"><img loading=\"lazy\" decoding=\"async\" width=\"350\" height=\"350\" src=\"https:\/\/www.icex.ufmg.br\/cenex\/wp-content\/uploads\/2024\/10\/default-teams-medium.png\" alt=\"\" class=\"wp-image-437\" style=\"width:224px;height:auto\" srcset=\"https:\/\/www.icex.ufmg.br\/cenex\/wp-content\/uploads\/2024\/10\/default-teams-medium.png 350w, https:\/\/www.icex.ufmg.br\/cenex\/wp-content\/uploads\/2024\/10\/default-teams-medium-300x300.png 300w, https:\/\/www.icex.ufmg.br\/cenex\/wp-content\/uploads\/2024\/10\/default-teams-medium-150x150.png 150w\" sizes=\"(max-width: 350px) 100vw, 350px\" \/><figcaption class=\"wp-element-caption\">Fl\u00e1vio<br>Orlando Plentz Filho<br>Titular<br>plentz@ufmg.br<\/figcaption><\/figure>\n<\/div>\n\n\n\n<p class=\"has-text-align-center has-white-color has-ast-global-color-0-background-color has-text-color has-background has-link-color has-small-font-size wp-elements-d18313192c626e3ebba4287fecee4ca5\"><strong>ESTAT\u00cdSTICA<\/strong><\/p>\n\n\n\n<div class=\"wp-block-group is-content-justification-center is-nowrap is-layout-flex wp-container-core-group-is-layout-23441af8 wp-block-group-is-layout-flex\">\n<figure class=\"wp-block-image aligncenter size-large is-resized is-style-rounded\"><img loading=\"lazy\" decoding=\"async\" width=\"1024\" height=\"1024\" src=\"https:\/\/www.icex.ufmg.br\/cenex\/wp-content\/uploads\/2024\/10\/Thiago-Rezende-dos-Santos-1-1024x1024.jpg\" alt=\"\" class=\"wp-image-416\" style=\"width:258px;height:auto\" srcset=\"https:\/\/www.icex.ufmg.br\/cenex\/wp-content\/uploads\/2024\/10\/Thiago-Rezende-dos-Santos-1-1024x1024.jpg 1024w, https:\/\/www.icex.ufmg.br\/cenex\/wp-content\/uploads\/2024\/10\/Thiago-Rezende-dos-Santos-1-300x300.jpg 300w, https:\/\/www.icex.ufmg.br\/cenex\/wp-content\/uploads\/2024\/10\/Thiago-Rezende-dos-Santos-1-150x150.jpg 150w, https:\/\/www.icex.ufmg.br\/cenex\/wp-content\/uploads\/2024\/10\/Thiago-Rezende-dos-Santos-1-768x768.jpg 768w, https:\/\/www.icex.ufmg.br\/cenex\/wp-content\/uploads\/2024\/10\/Thiago-Rezende-dos-Santos-1.jpg 1080w\" sizes=\"(max-width: 1024px) 100vw, 1024px\" \/><figcaption class=\"wp-element-caption\">Thiago Rezende dos Santos<br>17\/03\/2024 a 16\/03\/2026<br>Titular<br>thiagords@est.ufmg.br<\/figcaption><\/figure>\n<\/div>\n\n\n\n<p class=\"has-text-align-center has-ast-global-color-5-color has-ast-global-color-0-background-color has-text-color has-background has-link-color has-small-font-size wp-elements-e8c267dc348a90b48c2e57e2757d6e07\"><strong>REPRESENTANTE TAE<\/strong><\/p>\n\n\n\n<div class=\"wp-block-group is-content-justification-center is-nowrap is-layout-flex wp-container-core-group-is-layout-23441af8 wp-block-group-is-layout-flex\">\n<figure class=\"wp-block-gallery has-nested-images columns-default is-cropped wp-block-gallery-1 is-layout-flex wp-block-gallery-is-layout-flex\">\n<figure class=\"wp-block-image size-large is-resized is-style-rounded\"><img loading=\"lazy\" decoding=\"async\" width=\"576\" height=\"858\" data-id=\"412\" src=\"https:\/\/www.icex.ufmg.br\/cenex\/wp-content\/uploads\/2024\/10\/Lattes-CNPq-Ulisses.jpg\" alt=\"\" class=\"wp-image-412\" style=\"width:236px;height:auto\" srcset=\"https:\/\/www.icex.ufmg.br\/cenex\/wp-content\/uploads\/2024\/10\/Lattes-CNPq-Ulisses.jpg 576w, https:\/\/www.icex.ufmg.br\/cenex\/wp-content\/uploads\/2024\/10\/Lattes-CNPq-Ulisses-201x300.jpg 201w\" sizes=\"(max-width: 576px) 100vw, 576px\" \/><figcaption class=\"wp-element-caption\"><strong>Ulisses Filgueiras Emediato<br>24\/05\/2025 a 24\/05\/2027<br>Titular <br>Ulisses.cvfisica@gmail.com<\/strong><\/figcaption><\/figure>\n\n\n\n<figure class=\"wp-block-image size-full is-resized is-style-rounded\"><img loading=\"lazy\" decoding=\"async\" width=\"500\" height=\"500\" data-id=\"572\" src=\"https:\/\/www.icex.ufmg.br\/cenex\/wp-content\/uploads\/2025\/06\/Copia-de-Copia-de-logo-.png\" alt=\"\" class=\"wp-image-572\" style=\"width:236px;height:auto\" srcset=\"https:\/\/www.icex.ufmg.br\/cenex\/wp-content\/uploads\/2025\/06\/Copia-de-Copia-de-logo-.png 500w, https:\/\/www.icex.ufmg.br\/cenex\/wp-content\/uploads\/2025\/06\/Copia-de-Copia-de-logo--300x300.png 300w, https:\/\/www.icex.ufmg.br\/cenex\/wp-content\/uploads\/2025\/06\/Copia-de-Copia-de-logo--150x150.png 150w\" sizes=\"(max-width: 500px) 100vw, 500px\" \/><figcaption class=\"wp-element-caption\"><strong>Ant\u00f4nio Carlos <br>24\/05\/2025 a 24\/05\/2027<br>Suplente <br>toninho@mat.ufmg.br<\/strong><\/figcaption><\/figure>\n<\/figure>\n<\/div>\n\n\n\n<p class=\"has-text-align-center has-white-color has-ast-global-color-0-background-color has-text-color has-background has-link-color has-small-font-size wp-elements-385b075bac35742a7d16a2e6304f08e9\"><strong>DISCENTES<\/strong><\/p>\n\n\n\n<div class=\"wp-block-group is-content-justification-center is-nowrap is-layout-flex wp-container-core-group-is-layout-23441af8 wp-block-group-is-layout-flex\">\n<figure class=\"wp-block-image aligncenter size-full is-resized is-style-rounded\"><img loading=\"lazy\" decoding=\"async\" width=\"500\" height=\"634\" src=\"https:\/\/www.icex.ufmg.br\/cenex\/wp-content\/uploads\/2024\/10\/IMG_8533-edited.jpeg\" alt=\"\" class=\"wp-image-433\" style=\"width:152px;height:auto\" srcset=\"https:\/\/www.icex.ufmg.br\/cenex\/wp-content\/uploads\/2024\/10\/IMG_8533-edited.jpeg 500w, https:\/\/www.icex.ufmg.br\/cenex\/wp-content\/uploads\/2024\/10\/IMG_8533-edited-237x300.jpeg 237w\" sizes=\"(max-width: 500px) 100vw, 500px\" \/><figcaption class=\"wp-element-caption\">Lucas Xavier de Oliveira<br>Suplente<br>&nbsp;lucasxo@ufmg.br<\/figcaption><\/figure>\n\n\n\n<figure class=\"wp-block-image aligncenter size-full is-resized is-style-rounded\"><img loading=\"lazy\" decoding=\"async\" width=\"360\" height=\"360\" src=\"https:\/\/www.icex.ufmg.br\/cenex\/wp-content\/uploads\/2024\/10\/male-student-icon-png_251938.jpg\" alt=\"\" class=\"wp-image-438\" style=\"width:236px;height:auto\" srcset=\"https:\/\/www.icex.ufmg.br\/cenex\/wp-content\/uploads\/2024\/10\/male-student-icon-png_251938.jpg 360w, https:\/\/www.icex.ufmg.br\/cenex\/wp-content\/uploads\/2024\/10\/male-student-icon-png_251938-300x300.jpg 300w, https:\/\/www.icex.ufmg.br\/cenex\/wp-content\/uploads\/2024\/10\/male-student-icon-png_251938-150x150.jpg 150w\" sizes=\"(max-width: 360px) 100vw, 360px\" \/><figcaption class=\"wp-element-caption\">Julia Natalie Gon\u00e7alves Bento<br>Titular<br>juliabento@ufmg.br<\/figcaption><\/figure>\n\n\n\n<figure class=\"wp-block-image aligncenter size-full is-resized is-style-rounded\"><img loading=\"lazy\" decoding=\"async\" width=\"360\" height=\"360\" src=\"https:\/\/www.icex.ufmg.br\/cenex\/wp-content\/uploads\/2024\/10\/male-student-icon-png_251938.jpg\" alt=\"\" class=\"wp-image-438\" style=\"width:236px;height:auto\" srcset=\"https:\/\/www.icex.ufmg.br\/cenex\/wp-content\/uploads\/2024\/10\/male-student-icon-png_251938.jpg 360w, https:\/\/www.icex.ufmg.br\/cenex\/wp-content\/uploads\/2024\/10\/male-student-icon-png_251938-300x300.jpg 300w, https:\/\/www.icex.ufmg.br\/cenex\/wp-content\/uploads\/2024\/10\/male-student-icon-png_251938-150x150.jpg 150w\" sizes=\"(max-width: 360px) 100vw, 360px\" \/><figcaption class=\"wp-element-caption\">Larissa Gabrielli da Silva Pereira<br>Titular<br>lgabrielli@ufmg.br<\/figcaption><\/figure>\n\n\n\n<figure class=\"wp-block-image aligncenter size-full is-resized is-style-rounded\"><img loading=\"lazy\" decoding=\"async\" width=\"1152\" height=\"1536\" src=\"https:\/\/www.icex.ufmg.br\/cenex\/wp-content\/uploads\/2024\/10\/IMG_20240712_171324194_HDR-edited.png\" alt=\"\" class=\"wp-image-454\" style=\"width:155px;height:auto\" srcset=\"https:\/\/www.icex.ufmg.br\/cenex\/wp-content\/uploads\/2024\/10\/IMG_20240712_171324194_HDR-edited.png 1152w, https:\/\/www.icex.ufmg.br\/cenex\/wp-content\/uploads\/2024\/10\/IMG_20240712_171324194_HDR-edited-225x300.png 225w, https:\/\/www.icex.ufmg.br\/cenex\/wp-content\/uploads\/2024\/10\/IMG_20240712_171324194_HDR-edited-768x1024.png 768w\" sizes=\"(max-width: 1152px) 100vw, 1152px\" \/><figcaption class=\"wp-element-caption\">Bruno de Souza Lages <br>Suplente<br>bruno-bc13513@ufmg.br<\/figcaption><\/figure>\n<\/div>\n\n\n\n<p class=\"has-text-align-center has-ast-global-color-8-color has-text-color has-background has-link-color has-medium-font-size wp-elements-456782871c035b96796304252afab98a\" style=\"background-color:#079fe33b\">SECRETARIA<\/p>\n\n\n\n<figure class=\"wp-block-image aligncenter size-large is-resized is-style-rounded\"><img loading=\"lazy\" decoding=\"async\" width=\"800\" height=\"1067\" src=\"https:\/\/www.icex.ufmg.br\/cenex\/wp-content\/uploads\/2024\/10\/WhatsApp-Image-2024-10-01-at-16.44.27-edited.jpeg\" alt=\"\" class=\"wp-image-436\" style=\"width:256px;height:auto\" srcset=\"https:\/\/www.icex.ufmg.br\/cenex\/wp-content\/uploads\/2024\/10\/WhatsApp-Image-2024-10-01-at-16.44.27-edited.jpeg 800w, https:\/\/www.icex.ufmg.br\/cenex\/wp-content\/uploads\/2024\/10\/WhatsApp-Image-2024-10-01-at-16.44.27-edited-225x300.jpeg 225w, https:\/\/www.icex.ufmg.br\/cenex\/wp-content\/uploads\/2024\/10\/WhatsApp-Image-2024-10-01-at-16.44.27-edited-768x1024.jpeg 768w\" sizes=\"(max-width: 800px) 100vw, 800px\" \/><figcaption class=\"wp-element-caption\">Denise Gon\u00e7alves de Castro<br>Secret\u00e1ria<br>cenex@icex.ufmg.br<\/figcaption><\/figure>\n\n\n\n<figure class=\"wp-block-image aligncenter size-full is-resized is-style-rounded\"><img loading=\"lazy\" decoding=\"async\" width=\"370\" height=\"239\" src=\"https:\/\/www.icex.ufmg.br\/cenex\/wp-content\/uploads\/2024\/07\/CENEX_ICEX.png\" alt=\"\" class=\"wp-image-210\" style=\"width:256px;height:auto\" srcset=\"https:\/\/www.icex.ufmg.br\/cenex\/wp-content\/uploads\/2024\/07\/CENEX_ICEX.png 370w, https:\/\/www.icex.ufmg.br\/cenex\/wp-content\/uploads\/2024\/07\/CENEX_ICEX-300x194.png 300w\" sizes=\"(max-width: 370px) 100vw, 370px\" \/><figcaption class=\"wp-element-caption\">Bruna Thais Dam\u00e1sio<br>Bolsista Extens\u00e3o<br>cenex@icex.ufmg.br<\/figcaption><\/figure>\n\n\n\n<p><\/p>\n","protected":false},"excerpt":{"rendered":"<p>COLEGIADO COORDENADOR E SUBCOORDENADOR QU\u00cdMICA MATEM\u00c1TICA CI\u00caNCIA DA COMPUTA\u00c7\u00c3O F\u00cdSICA ESTAT\u00cdSTICA REPRESENTANTE TAE DISCENTES SECRETARIA<\/p>\n","protected":false},"author":1,"featured_media":0,"parent":0,"menu_order":0,"comment_status":"closed","ping_status":"open","template":"","meta":{"site-sidebar-layout":"default","site-content-layout":"","ast-site-content-layout":"","site-content-style":"default","site-sidebar-style":"default","ast-global-header-display":"","ast-banner-title-visibility":"","ast-main-header-display":"","ast-hfb-above-header-display":"","ast-hfb-below-header-display":"","ast-hfb-mobile-header-display":"","site-post-title":"","ast-breadcrumbs-content":"","ast-featured-img":"","footer-sml-layout":"","ast-disable-related-posts":"","theme-transparent-header-meta":"","adv-header-id-meta":"","stick-header-meta":"","header-above-stick-meta":"","header-main-stick-meta":"","header-below-stick-meta":"","astra-migrate-meta-layouts":"default","ast-page-background-enabled":"default","ast-page-background-meta":{"desktop":{"background-color":"var(--ast-global-color-4)","background-image":"","background-repeat":"repeat","background-position":"center center","background-size":"auto","background-attachment":"scroll","background-type":"","background-media":"","overlay-type":"","overlay-color":"","overlay-opacity":"","overlay-gradient":""},"tablet":{"background-color":"","background-image":"","background-repeat":"repeat","background-position":"center center","background-size":"auto","background-attachment":"scroll","background-type":"","background-media":"","overlay-type":"","overlay-color":"","overlay-opacity":"","overlay-gradient":""},"mobile":{"background-color":"","background-image":"","background-repeat":"repeat","background-position":"center center","background-size":"auto","background-attachment":"scroll","background-type":"","background-media":"","overlay-type":"","overlay-color":"","overlay-opacity":"","overlay-gradient":""}},"ast-content-background-meta":{"desktop":{"background-color":"var(--ast-global-color-5)","background-image":"","background-repeat":"repeat","background-position":"center center","background-size":"auto","background-attachment":"scroll","background-type":"","background-media":"","overlay-type":"","overlay-color":"","overlay-opacity":"","overlay-gradient":""},"tablet":{"background-color":"var(--ast-global-color-5)","background-image":"","background-repeat":"repeat","background-position":"center center","background-size":"auto","background-attachment":"scroll","background-type":"","background-media":"","overlay-type":"","overlay-color":"","overlay-opacity":"","overlay-gradient":""},"mobile":{"background-color":"var(--ast-global-color-5)","background-image":"","background-repeat":"repeat","background-position":"center center","background-size":"auto","background-attachment":"scroll","background-type":"","background-media":"","overlay-type":"","overlay-color":"","overlay-opacity":"","overlay-gradient":""}},"footnotes":""},"class_list":["post-2","page","type-page","status-publish","hentry"],"rttpg_featured_image_url":null,"rttpg_author":{"display_name":"lperacio","author_link":"https:\/\/www.icex.ufmg.br\/cenex\/author\/lperacio\/"},"rttpg_comment":0,"rttpg_category":null,"rttpg_excerpt":"COLEGIADO COORDENADOR E SUBCOORDENADOR QU\u00cdMICA MATEM\u00c1TICA CI\u00caNCIA DA COMPUTA\u00c7\u00c3O F\u00cdSICA ESTAT\u00cdSTICA REPRESENTANTE TAE DISCENTES SECRETARIA","_links":{"self":[{"href":"https:\/\/www.icex.ufmg.br\/cenex\/wp-json\/wp\/v2\/pages\/2","targetHints":{"allow":["GET"]}}],"collection":[{"href":"https:\/\/www.icex.ufmg.br\/cenex\/wp-json\/wp\/v2\/pages"}],"about":[{"href":"https:\/\/www.icex.ufmg.br\/cenex\/wp-json\/wp\/v2\/types\/page"}],"author":[{"embeddable":true,"href":"https:\/\/www.icex.ufmg.br\/cenex\/wp-json\/wp\/v2\/users\/1"}],"replies":[{"embeddable":true,"href":"https:\/\/www.icex.ufmg.br\/cenex\/wp-json\/wp\/v2\/comments?post=2"}],"version-history":[{"count":31,"href":"https:\/\/www.icex.ufmg.br\/cenex\/wp-json\/wp\/v2\/pages\/2\/revisions"}],"predecessor-version":[{"id":731,"href":"https:\/\/www.icex.ufmg.br\/cenex\/wp-json\/wp\/v2\/pages\/2\/revisions\/731"}],"wp:attachment":[{"href":"https:\/\/www.icex.ufmg.br\/cenex\/wp-json\/wp\/v2\/media?parent=2"}],"curies":[{"name":"wp","href":"https:\/\/api.w.org\/{rel}","templated":true}]}}